{"id":168,"date":"2026-02-17T20:23:46","date_gmt":"2026-02-17T20:23:46","guid":{"rendered":"https:\/\/adeline-kinesio.fr\/?page_id=168"},"modified":"2026-02-17T20:33:40","modified_gmt":"2026-02-17T20:33:40","slug":"kinesiologie","status":"publish","type":"page","link":"https:\/\/adeline-kinesio.fr\/index.php\/kinesiologie\/","title":{"rendered":"Kin\u00e9siologie"},"content":{"rendered":"\n<p class=\"has-text-align-center\">QU&#8217;EST-CE QUE LA KINESIOLOGIE ?<\/p>\n\n\n\n<div class=\"wp-block-columns is-layout-flex wp-container-core-columns-is-layout-28f84493 wp-block-columns-is-layout-flex\">\n<div class=\"wp-block-column is-layout-flow wp-block-column-is-layout-flow\">\n<figure class=\"wp-block-image size-full\"><img fetchpriority=\"high\" decoding=\"async\" width=\"312\" height=\"307\" src=\"http:\/\/adeline-kinesio.fr\/wp-content\/uploads\/2026\/02\/img1.jpg\" alt=\"\" class=\"wp-image-172\" srcset=\"https:\/\/adeline-kinesio.fr\/wp-content\/uploads\/2026\/02\/img1.jpg 312w, https:\/\/adeline-kinesio.fr\/wp-content\/uploads\/2026\/02\/img1-300x295.jpg 300w\" sizes=\"(max-width: 312px) 100vw, 312px\" \/><\/figure>\n<\/div>\n\n\n\n<div class=\"wp-block-column is-layout-flow wp-block-column-is-layout-flow\">\n<p>La Kin\u00e9siologie est une <strong>approche \u00e9ducative et non m\u00e9dicale du bien-\u00eatre<\/strong> dans toutes ses composantes (physiques, psychologiques, \u00e9nerg\u00e9tiques, relationnelles etc\u2026), orient\u00e9e vers la responsabilisation de soi.<\/p>\n\n\n\n<p>La base essentielle de la Kin\u00e9siologie est la <strong>m\u00e9decine traditionnelle chinoise <\/strong>coupl\u00e9e avec les connaissances <strong>anatomiques et posturologiques actuelles.<\/strong> (\u2026)<\/p>\n\n\n\n<p><\/p>\n<\/div>\n<\/div>\n\n\n\n<p>La Kin\u00e9siologie est <strong>l\u2019art de \u00ab&nbsp;faire parler son corps&nbsp;\u00bb<\/strong> pour qu\u2019il nous montre, par l\u2019interm\u00e9diaire de tests musculaires, la correction la plus appropri\u00e9e pour \u00eatre correctement \u00e9quilibr\u00e9. Les diff\u00e9rentes techniques utilis\u00e9es sont les points r\u00e9flexes, les points d\u2019acupuncture, les mouvements sp\u00e9cifiques, les techniques de lib\u00e9ration de stress \u00e9motionnel&#8230;<\/p>\n\n\n\n<p>Cette approche s\u2019apparente \u00e0 un syst\u00e8me de bio feed-back&nbsp;:<\/p>\n\n\n\n<ul class=\"wp-block-list\">\n<li>Je montre au corps et \u00e0 la personne ce qui le d\u00e9s\u00e9quilibre<\/li>\n\n\n\n<li>Je montre ce qui le r\u00e9\u00e9quilibre<\/li>\n\n\n\n<li>J\u2019effectue \u00ab&nbsp;l\u2019\u00e9quilibrage&nbsp;\u00bb<\/li>\n\n\n\n<li>Je montre au corps et \u00e0 la personne que le syst\u00e8me est r\u00e9\u00e9quilibr\u00e9.<\/li>\n<\/ul>\n\n\n\n<p>L\u2019efficacit\u00e9 de la kin\u00e9siologie r\u00e9side dans le fait qu\u2019elle est capable <strong>de d\u00e9tecter &amp; de g\u00e9rer des r\u00e9ponses de stress que la personne ne peut d\u00e9tecter ni corriger elle-m\u00eame<\/strong>.<\/p>\n\n\n\n<p>Le kin\u00e9siologue est un facilitateur qui <strong>favorise les processus naturels du corps<\/strong>.<\/p>\n\n\n\n<div class=\"wp-block-columns is-layout-flex wp-container-core-columns-is-layout-28f84493 wp-block-columns-is-layout-flex\">\n<div class=\"wp-block-column is-layout-flow wp-block-column-is-layout-flow\">\n<p><strong>Il n\u2019est pas n\u00e9cessaire de ressentir un mal-\u00eatre (physique ou mental) pour consulter un praticien, il suffit de vouloir am\u00e9liorer quelque chose dans sa vie.<\/strong><\/p>\n\n\n\n<p><em>Le kin\u00e9siologue n\u2019\u00e9tablit pas de diagnostic ou de prescriptions m\u00e9dicales. Une s\u00e9ance chez votre Kin\u00e9siologue ne dispense pas d\u2019une consultation chez votre m\u00e9decin traitant pas plus qu\u2019elle ne se substitue \u00e0 une consultation chez un autre praticien de sant\u00e9.<\/em><\/p>\n\n\n\n<p><\/p>\n<\/div>\n\n\n\n<div class=\"wp-block-column is-layout-flow wp-block-column-is-layout-flow\">\n<figure class=\"wp-block-image size-full\"><img decoding=\"async\" width=\"232\" height=\"295\" src=\"https:\/\/adeline-kinesio.fr\/wp-content\/uploads\/2026\/02\/img2.jpg\" alt=\"\" class=\"wp-image-175\"\/><\/figure>\n<\/div>\n<\/div>\n\n\n\n<p>Toutes les kin\u00e9siologies ne se ressemblent pas. Il existe plus de 70 courants de kin\u00e9siologies diff\u00e9rents. Je pratique la <strong>Kin\u00e9siologie Adaptogen\u00e8se<\/strong>.<\/p>\n\n\n\n<figure class=\"wp-block-image size-full\"><img decoding=\"async\" width=\"759\" height=\"174\" src=\"https:\/\/adeline-kinesio.fr\/wp-content\/uploads\/2026\/02\/bonhommes2.jpg\" alt=\"\" class=\"wp-image-183\" srcset=\"https:\/\/adeline-kinesio.fr\/wp-content\/uploads\/2026\/02\/bonhommes2.jpg 759w, https:\/\/adeline-kinesio.fr\/wp-content\/uploads\/2026\/02\/bonhommes2-300x69.jpg 300w\" sizes=\"(max-width: 759px) 100vw, 759px\" \/><\/figure>\n","protected":false},"excerpt":{"rendered":"<p>QU&#8217;EST-CE QUE LA KINESIOLOGIE ? La Kin\u00e9siologie est une approche \u00e9ducative et non m\u00e9dicale du bien-\u00eatre dans toutes ses composantes (physiques, psychologiques, \u00e9nerg\u00e9tiques, relationnelles etc\u2026), orient\u00e9e vers la responsabilisation de soi. La base essentielle de la Kin\u00e9siologie est la m\u00e9decine traditionnelle chinoise coupl\u00e9e avec les connaissances anatomiques et posturologiques actuelles. (\u2026) La Kin\u00e9siologie est l\u2019art [&hellip;]<\/p>\n","protected":false},"author":1,"featured_media":0,"parent":0,"menu_order":0,"comment_status":"closed","ping_status":"closed","template":"","meta":{"footnotes":""},"class_list":["post-168","page","type-page","status-publish","hentry"],"blocksy_meta":[],"_links":{"self":[{"href":"https:\/\/adeline-kinesio.fr\/index.php\/wp-json\/wp\/v2\/pages\/168","targetHints":{"allow":["GET"]}}],"collection":[{"href":"https:\/\/adeline-kinesio.fr\/index.php\/wp-json\/wp\/v2\/pages"}],"about":[{"href":"https:\/\/adeline-kinesio.fr\/index.php\/wp-json\/wp\/v2\/types\/page"}],"author":[{"embeddable":true,"href":"https:\/\/adeline-kinesio.fr\/index.php\/wp-json\/wp\/v2\/users\/1"}],"replies":[{"embeddable":true,"href":"https:\/\/adeline-kinesio.fr\/index.php\/wp-json\/wp\/v2\/comments?post=168"}],"version-history":[{"count":10,"href":"https:\/\/adeline-kinesio.fr\/index.php\/wp-json\/wp\/v2\/pages\/168\/revisions"}],"predecessor-version":[{"id":185,"href":"https:\/\/adeline-kinesio.fr\/index.php\/wp-json\/wp\/v2\/pages\/168\/revisions\/185"}],"wp:attachment":[{"href":"https:\/\/adeline-kinesio.fr\/index.php\/wp-json\/wp\/v2\/media?parent=168"}],"curies":[{"name":"wp","href":"https:\/\/api.w.org\/{rel}","templated":true}]}}