{"id":2,"date":"2026-01-21T16:13:44","date_gmt":"2026-01-21T16:13:44","guid":{"rendered":"http:\/\/adeline-kinesio.fr\/?page_id=2"},"modified":"2026-04-21T13:28:34","modified_gmt":"2026-04-21T13:28:34","slug":"sample-page","status":"publish","type":"page","link":"https:\/\/adeline-kinesio.fr\/","title":{"rendered":"Accueil"},"content":{"rendered":"\t\t<div data-elementor-type=\"wp-page\" data-elementor-id=\"2\" class=\"elementor elementor-2\">\n\t\t\t\t<div class=\"elementor-element elementor-element-6eee0879 e-flex e-con-boxed e-con e-parent\" data-id=\"6eee0879\" data-element_type=\"container\" data-e-type=\"container\">\n\t\t\t\t\t<div class=\"e-con-inner\">\n\t\t\t\t<div class=\"elementor-element elementor-element-342b3b10 elementor-widget elementor-widget-text-editor\" data-id=\"342b3b10\" data-element_type=\"widget\" data-e-type=\"widget\" data-widget_type=\"text-editor.default\">\n\t\t\t\t\t\t\t\t\t\n<figure class=\"wp-block-image aligncenter size-full is-resized\"><img fetchpriority=\"high\" decoding=\"async\" width=\"551\" height=\"606\" class=\"wp-image-163\" style=\"width: 291px; height: auto;\" src=\"https:\/\/adeline-kinesio.fr\/wp-content\/uploads\/2026\/02\/adeline-haut-de-page-1.jpg\" alt=\"\" srcset=\"https:\/\/adeline-kinesio.fr\/wp-content\/uploads\/2026\/02\/adeline-haut-de-page-1.jpg 551w, https:\/\/adeline-kinesio.fr\/wp-content\/uploads\/2026\/02\/adeline-haut-de-page-1-273x300.jpg 273w\" sizes=\"(max-width: 551px) 100vw, 551px\" \/><\/figure>\n\n<p class=\"has-text-align-center\">Kin\u00e9siologue \/ Adaptogen\u00e8se\u00ae<\/p>\n\n<p class=\"has-text-align-center\">Gestion du stress \/ Saboteurs \/ D\u00e9veloppement personnel \/ Equilibre \u00e9motionnel \/ Confiance en soi \/ Lib\u00e9ration des attitudes destructives d\u2019auto-sabotage \/ Am\u00e9lioration des apprentissages \/ D\u00e9veloppement des comp\u00e9tences \/ Meilleures mobilisations des ressources \/ Am\u00e9lioration de la posture \/ Optimisation des performances sportives \/ Hypersensibilit\u00e9 \/ Equilibre acido-basique \/ Drainage des \u00e9monctoires \/ (R\u00e9)Int\u00e9gration des r\u00e9flexes \/ Etc.<\/p>\n\n<p class=\"has-text-align-center\"><strong>Adeline Danieli<\/strong><\/p>\n\n<p class=\"has-text-align-center\"><strong>Kin\u00e9siologue \/ Adaptogen\u00e8se\u00ae<\/strong><br \/>Membre du SKPF, <em>Syndicat<\/em>\u00a0des Kin\u00e9siologues\u00a0<em>Professionnels<\/em> Fran\u00e7ais<\/p>\n\n<p class=\"has-text-align-center\"><strong>06 40 84 54 81<\/strong><\/p>\n\n<p class=\"has-text-align-center\"><strong>S\u00e9ances individuelles sur RDV \u00e0 BLAGNAC (31700)<\/strong><\/p>\n\n<figure class=\"wp-block-image size-large\"><img decoding=\"async\" width=\"1024\" height=\"17\" class=\"wp-image-141\" src=\"http:\/\/adeline-kinesio.fr\/wp-content\/uploads\/2026\/02\/petits-points-longs-1024x17.jpg\" alt=\"\" srcset=\"https:\/\/adeline-kinesio.fr\/wp-content\/uploads\/2026\/02\/petits-points-longs-1024x17.jpg 1024w, https:\/\/adeline-kinesio.fr\/wp-content\/uploads\/2026\/02\/petits-points-longs-300x5.jpg 300w, https:\/\/adeline-kinesio.fr\/wp-content\/uploads\/2026\/02\/petits-points-longs-768x13.jpg 768w, https:\/\/adeline-kinesio.fr\/wp-content\/uploads\/2026\/02\/petits-points-longs.jpg 1244w\" sizes=\"(max-width: 1024px) 100vw, 1024px\" \/><\/figure>\n\n<p class=\"has-text-align-center\"><strong>9 avenue du G\u00e9n\u00e9ral Compans<br \/>B\u00e2t. C, Appart. 1 \u2022 31700 BLAGNAC<\/strong><br \/>Bus 70, Arr\u00eat &#8220;Marly&#8221;<br \/>Tram T1, Arr\u00eat &#8220;Servanty Airbus&#8221;<\/p>\n\n<figure class=\"wp-block-image size-large\"><img decoding=\"async\" width=\"1024\" height=\"621\" class=\"wp-image-161\" src=\"https:\/\/adeline-kinesio.fr\/wp-content\/uploads\/2026\/02\/temp_file_1770050739639-1-1024x621.jpg\" alt=\"\" srcset=\"https:\/\/adeline-kinesio.fr\/wp-content\/uploads\/2026\/02\/temp_file_1770050739639-1-1024x621.jpg 1024w, https:\/\/adeline-kinesio.fr\/wp-content\/uploads\/2026\/02\/temp_file_1770050739639-1-300x182.jpg 300w, https:\/\/adeline-kinesio.fr\/wp-content\/uploads\/2026\/02\/temp_file_1770050739639-1-768x466.jpg 768w, https:\/\/adeline-kinesio.fr\/wp-content\/uploads\/2026\/02\/temp_file_1770050739639-1-1536x931.jpg 1536w, https:\/\/adeline-kinesio.fr\/wp-content\/uploads\/2026\/02\/temp_file_1770050739639-1-2048x1241.jpg 2048w\" sizes=\"(max-width: 1024px) 100vw, 1024px\" \/><\/figure>\n\n<figure class=\"wp-block-image size-large is-resized\"><img loading=\"lazy\" decoding=\"async\" width=\"1024\" height=\"17\" class=\"wp-image-141\" style=\"aspect-ratio: 60.2698643780771; width: 1205px; height: auto;\" src=\"http:\/\/adeline-kinesio.fr\/wp-content\/uploads\/2026\/02\/petits-points-longs-1024x17.jpg\" alt=\"\" srcset=\"https:\/\/adeline-kinesio.fr\/wp-content\/uploads\/2026\/02\/petits-points-longs-1024x17.jpg 1024w, https:\/\/adeline-kinesio.fr\/wp-content\/uploads\/2026\/02\/petits-points-longs-300x5.jpg 300w, https:\/\/adeline-kinesio.fr\/wp-content\/uploads\/2026\/02\/petits-points-longs-768x13.jpg 768w, https:\/\/adeline-kinesio.fr\/wp-content\/uploads\/2026\/02\/petits-points-longs.jpg 1244w\" sizes=\"(max-width: 1024px) 100vw, 1024px\" \/><\/figure>\n\n<p class=\"has-text-align-center\"><strong>06 40 84 54 81<br \/>contact@adeline-kinesio.fr<\/strong><\/p>\n\t\t\t\t\t\t\t\t<\/div>\n\t\t\t\t\t<\/div>\n\t\t\t\t<\/div>\n\t\t\t\t<\/div>\n\t\t","protected":false},"excerpt":{"rendered":"<p>Kin\u00e9siologue \/ Adaptogen\u00e8se\u00ae Gestion du stress \/ Saboteurs \/ D\u00e9veloppement personnel \/ Equilibre \u00e9motionnel \/ Confiance en soi \/ Lib\u00e9ration des attitudes destructives d\u2019auto-sabotage \/ Am\u00e9lioration des apprentissages \/ D\u00e9veloppement des comp\u00e9tences \/ Meilleures mobilisations des ressources \/ Am\u00e9lioration de la posture \/ Optimisation des performances sportives \/ Hypersensibilit\u00e9 \/ Equilibre acido-basique \/ Drainage des [&hellip;]<\/p>\n","protected":false},"author":1,"featured_media":0,"parent":0,"menu_order":0,"comment_status":"closed","ping_status":"closed","template":"","meta":{"footnotes":""},"class_list":["post-2","page","type-page","status-publish","hentry"],"blocksy_meta":[],"yoast_head":"<!-- This site is optimized with the Yoast SEO plugin v27.4 - https:\/\/yoast.com\/product\/yoast-seo-wordpress\/ -->\n<title>Accueil - Adeline DANIELI, Kinesiologue &amp; Adaptogen\u00e8se<\/title>\n<meta name=\"robots\" content=\"index, follow, max-snippet:-1, max-image-preview:large, max-video-preview:-1\" \/>\n<link rel=\"canonical\" href=\"https:\/\/adeline-kinesio.fr\/\" \/>\n<meta property=\"og:locale\" content=\"en_US\" \/>\n<meta property=\"og:type\" content=\"article\" \/>\n<meta property=\"og:title\" content=\"Accueil - Adeline DANIELI, Kinesiologue &amp; Adaptogen\u00e8se\" \/>\n<meta property=\"og:description\" content=\"Kin\u00e9siologue \/ Adaptogen\u00e8se\u00ae Gestion du stress \/ Saboteurs \/ D\u00e9veloppement personnel \/ Equilibre \u00e9motionnel \/ Confiance en soi \/ Lib\u00e9ration des attitudes destructives d\u2019auto-sabotage \/ Am\u00e9lioration des apprentissages \/ D\u00e9veloppement des comp\u00e9tences \/ Meilleures mobilisations des ressources \/ Am\u00e9lioration de la posture \/ Optimisation des performances sportives \/ Hypersensibilit\u00e9 \/ Equilibre acido-basique \/ Drainage des [&hellip;]\" \/>\n<meta property=\"og:url\" content=\"https:\/\/adeline-kinesio.fr\/\" \/>\n<meta property=\"og:site_name\" content=\"Adeline DANIELI, Kinesiologue &amp; Adaptogen\u00e8se\" \/>\n<meta property=\"article:modified_time\" content=\"2026-04-21T13:28:34+00:00\" \/>\n<meta property=\"og:image\" content=\"https:\/\/adeline-kinesio.fr\/wp-content\/uploads\/2026\/02\/adeline-haut-de-page-1.jpg\" \/>\n<meta name=\"twitter:card\" content=\"summary_large_image\" \/>\n<meta name=\"twitter:label1\" content=\"Est. reading time\" \/>\n\t<meta name=\"twitter:data1\" content=\"2 minutes\" \/>\n<script type=\"application\/ld+json\" class=\"yoast-schema-graph\">{\"@context\":\"https:\\\/\\\/schema.org\",\"@graph\":[{\"@type\":\"WebPage\",\"@id\":\"https:\\\/\\\/adeline-kinesio.fr\\\/\",\"url\":\"https:\\\/\\\/adeline-kinesio.fr\\\/\",\"name\":\"Accueil - Adeline DANIELI, Kinesiologue &amp; Adaptogen\u00e8se\",\"isPartOf\":{\"@id\":\"https:\\\/\\\/adeline-kinesio.fr\\\/#website\"},\"primaryImageOfPage\":{\"@id\":\"https:\\\/\\\/adeline-kinesio.fr\\\/#primaryimage\"},\"image\":{\"@id\":\"https:\\\/\\\/adeline-kinesio.fr\\\/#primaryimage\"},\"thumbnailUrl\":\"https:\\\/\\\/adeline-kinesio.fr\\\/wp-content\\\/uploads\\\/2026\\\/02\\\/adeline-haut-de-page-1.jpg\",\"datePublished\":\"2026-01-21T16:13:44+00:00\",\"dateModified\":\"2026-04-21T13:28:34+00:00\",\"breadcrumb\":{\"@id\":\"https:\\\/\\\/adeline-kinesio.fr\\\/#breadcrumb\"},\"inLanguage\":\"en-US\",\"potentialAction\":[{\"@type\":\"ReadAction\",\"target\":[\"https:\\\/\\\/adeline-kinesio.fr\\\/\"]}]},{\"@type\":\"ImageObject\",\"inLanguage\":\"en-US\",\"@id\":\"https:\\\/\\\/adeline-kinesio.fr\\\/#primaryimage\",\"url\":\"https:\\\/\\\/adeline-kinesio.fr\\\/wp-content\\\/uploads\\\/2026\\\/02\\\/adeline-haut-de-page-1.jpg\",\"contentUrl\":\"https:\\\/\\\/adeline-kinesio.fr\\\/wp-content\\\/uploads\\\/2026\\\/02\\\/adeline-haut-de-page-1.jpg\",\"width\":551,\"height\":606},{\"@type\":\"BreadcrumbList\",\"@id\":\"https:\\\/\\\/adeline-kinesio.fr\\\/#breadcrumb\",\"itemListElement\":[{\"@type\":\"ListItem\",\"position\":1,\"name\":\"Home\",\"item\":\"https:\\\/\\\/adeline-kinesio.fr\\\/\"},{\"@type\":\"ListItem\",\"position\":2,\"name\":\"Accueil\"}]},{\"@type\":\"WebSite\",\"@id\":\"https:\\\/\\\/adeline-kinesio.fr\\\/#website\",\"url\":\"https:\\\/\\\/adeline-kinesio.fr\\\/\",\"name\":\"Adeline DANIELI, Kinesiologue & Adaptogen\u00e8se\",\"description\":\"\",\"publisher\":{\"@id\":\"https:\\\/\\\/adeline-kinesio.fr\\\/#organization\"},\"potentialAction\":[{\"@type\":\"SearchAction\",\"target\":{\"@type\":\"EntryPoint\",\"urlTemplate\":\"https:\\\/\\\/adeline-kinesio.fr\\\/?s={search_term_string}\"},\"query-input\":{\"@type\":\"PropertyValueSpecification\",\"valueRequired\":true,\"valueName\":\"search_term_string\"}}],\"inLanguage\":\"en-US\"},{\"@type\":\"Organization\",\"@id\":\"https:\\\/\\\/adeline-kinesio.fr\\\/#organization\",\"name\":\"Adeline DANIELI, Kinesiologue & Adaptogen\u00e8se\",\"url\":\"https:\\\/\\\/adeline-kinesio.fr\\\/\",\"logo\":{\"@type\":\"ImageObject\",\"inLanguage\":\"en-US\",\"@id\":\"https:\\\/\\\/adeline-kinesio.fr\\\/#\\\/schema\\\/logo\\\/image\\\/\",\"url\":\"https:\\\/\\\/adeline-kinesio.fr\\\/wp-content\\\/uploads\\\/2026\\\/03\\\/logo_accueil.jpg\",\"contentUrl\":\"https:\\\/\\\/adeline-kinesio.fr\\\/wp-content\\\/uploads\\\/2026\\\/03\\\/logo_accueil.jpg\",\"width\":171,\"height\":106,\"caption\":\"Adeline DANIELI, Kinesiologue & Adaptogen\u00e8se\"},\"image\":{\"@id\":\"https:\\\/\\\/adeline-kinesio.fr\\\/#\\\/schema\\\/logo\\\/image\\\/\"}}]}<\/script>\n<!-- \/ Yoast SEO plugin. -->","yoast_head_json":{"title":"Accueil - Adeline DANIELI, Kinesiologue &amp; Adaptogen\u00e8se","robots":{"index":"index","follow":"follow","max-snippet":"max-snippet:-1","max-image-preview":"max-image-preview:large","max-video-preview":"max-video-preview:-1"},"canonical":"https:\/\/adeline-kinesio.fr\/","og_locale":"en_US","og_type":"article","og_title":"Accueil - Adeline DANIELI, Kinesiologue &amp; Adaptogen\u00e8se","og_description":"Kin\u00e9siologue \/ Adaptogen\u00e8se\u00ae Gestion du stress \/ Saboteurs \/ D\u00e9veloppement personnel \/ Equilibre \u00e9motionnel \/ Confiance en soi \/ Lib\u00e9ration des attitudes destructives d\u2019auto-sabotage \/ Am\u00e9lioration des apprentissages \/ D\u00e9veloppement des comp\u00e9tences \/ Meilleures mobilisations des ressources \/ Am\u00e9lioration de la posture \/ Optimisation des performances sportives \/ Hypersensibilit\u00e9 \/ Equilibre acido-basique \/ Drainage des [&hellip;]","og_url":"https:\/\/adeline-kinesio.fr\/","og_site_name":"Adeline DANIELI, Kinesiologue &amp; Adaptogen\u00e8se","article_modified_time":"2026-04-21T13:28:34+00:00","og_image":[{"url":"https:\/\/adeline-kinesio.fr\/wp-content\/uploads\/2026\/02\/adeline-haut-de-page-1.jpg","type":"","width":"","height":""}],"twitter_card":"summary_large_image","twitter_misc":{"Est. reading time":"2 minutes"},"schema":{"@context":"https:\/\/schema.org","@graph":[{"@type":"WebPage","@id":"https:\/\/adeline-kinesio.fr\/","url":"https:\/\/adeline-kinesio.fr\/","name":"Accueil - Adeline DANIELI, Kinesiologue &amp; Adaptogen\u00e8se","isPartOf":{"@id":"https:\/\/adeline-kinesio.fr\/#website"},"primaryImageOfPage":{"@id":"https:\/\/adeline-kinesio.fr\/#primaryimage"},"image":{"@id":"https:\/\/adeline-kinesio.fr\/#primaryimage"},"thumbnailUrl":"https:\/\/adeline-kinesio.fr\/wp-content\/uploads\/2026\/02\/adeline-haut-de-page-1.jpg","datePublished":"2026-01-21T16:13:44+00:00","dateModified":"2026-04-21T13:28:34+00:00","breadcrumb":{"@id":"https:\/\/adeline-kinesio.fr\/#breadcrumb"},"inLanguage":"en-US","potentialAction":[{"@type":"ReadAction","target":["https:\/\/adeline-kinesio.fr\/"]}]},{"@type":"ImageObject","inLanguage":"en-US","@id":"https:\/\/adeline-kinesio.fr\/#primaryimage","url":"https:\/\/adeline-kinesio.fr\/wp-content\/uploads\/2026\/02\/adeline-haut-de-page-1.jpg","contentUrl":"https:\/\/adeline-kinesio.fr\/wp-content\/uploads\/2026\/02\/adeline-haut-de-page-1.jpg","width":551,"height":606},{"@type":"BreadcrumbList","@id":"https:\/\/adeline-kinesio.fr\/#breadcrumb","itemListElement":[{"@type":"ListItem","position":1,"name":"Home","item":"https:\/\/adeline-kinesio.fr\/"},{"@type":"ListItem","position":2,"name":"Accueil"}]},{"@type":"WebSite","@id":"https:\/\/adeline-kinesio.fr\/#website","url":"https:\/\/adeline-kinesio.fr\/","name":"Adeline DANIELI, Kinesiologue & Adaptogen\u00e8se","description":"","publisher":{"@id":"https:\/\/adeline-kinesio.fr\/#organization"},"potentialAction":[{"@type":"SearchAction","target":{"@type":"EntryPoint","urlTemplate":"https:\/\/adeline-kinesio.fr\/?s={search_term_string}"},"query-input":{"@type":"PropertyValueSpecification","valueRequired":true,"valueName":"search_term_string"}}],"inLanguage":"en-US"},{"@type":"Organization","@id":"https:\/\/adeline-kinesio.fr\/#organization","name":"Adeline DANIELI, Kinesiologue & Adaptogen\u00e8se","url":"https:\/\/adeline-kinesio.fr\/","logo":{"@type":"ImageObject","inLanguage":"en-US","@id":"https:\/\/adeline-kinesio.fr\/#\/schema\/logo\/image\/","url":"https:\/\/adeline-kinesio.fr\/wp-content\/uploads\/2026\/03\/logo_accueil.jpg","contentUrl":"https:\/\/adeline-kinesio.fr\/wp-content\/uploads\/2026\/03\/logo_accueil.jpg","width":171,"height":106,"caption":"Adeline DANIELI, Kinesiologue & Adaptogen\u00e8se"},"image":{"@id":"https:\/\/adeline-kinesio.fr\/#\/schema\/logo\/image\/"}}]}},"_links":{"self":[{"href":"https:\/\/adeline-kinesio.fr\/index.php\/wp-json\/wp\/v2\/pages\/2","targetHints":{"allow":["GET"]}}],"collection":[{"href":"https:\/\/adeline-kinesio.fr\/index.php\/wp-json\/wp\/v2\/pages"}],"about":[{"href":"https:\/\/adeline-kinesio.fr\/index.php\/wp-json\/wp\/v2\/types\/page"}],"author":[{"embeddable":true,"href":"https:\/\/adeline-kinesio.fr\/index.php\/wp-json\/wp\/v2\/users\/1"}],"replies":[{"embeddable":true,"href":"https:\/\/adeline-kinesio.fr\/index.php\/wp-json\/wp\/v2\/comments?post=2"}],"version-history":[{"count":48,"href":"https:\/\/adeline-kinesio.fr\/index.php\/wp-json\/wp\/v2\/pages\/2\/revisions"}],"predecessor-version":[{"id":280,"href":"https:\/\/adeline-kinesio.fr\/index.php\/wp-json\/wp\/v2\/pages\/2\/revisions\/280"}],"wp:attachment":[{"href":"https:\/\/adeline-kinesio.fr\/index.php\/wp-json\/wp\/v2\/media?parent=2"}],"curies":[{"name":"wp","href":"https:\/\/api.w.org\/{rel}","templated":true}]}}