{"id":239,"date":"2026-03-22T20:30:59","date_gmt":"2026-03-22T20:30:59","guid":{"rendered":"https:\/\/adeline-kinesio.fr\/?page_id=239"},"modified":"2026-04-07T06:56:15","modified_gmt":"2026-04-07T06:56:15","slug":"239-2","status":"publish","type":"page","link":"https:\/\/adeline-kinesio.fr\/index.php\/239-2\/","title":{"rendered":"A propos"},"content":{"rendered":"\t\t<div data-elementor-type=\"wp-page\" data-elementor-id=\"239\" class=\"elementor elementor-239\">\n\t\t\t\t<div class=\"elementor-element elementor-element-45838c1 e-con-full e-flex e-con e-parent\" data-id=\"45838c1\" data-element_type=\"container\" data-e-type=\"container\">\n\t\t\t\t<div class=\"elementor-element elementor-element-87dcdeb elementor-widget elementor-widget-text-editor\" data-id=\"87dcdeb\" data-element_type=\"widget\" data-e-type=\"widget\" data-widget_type=\"text-editor.default\">\n\t\t\t\t\t\t\t\t\t<p><img fetchpriority=\"high\" decoding=\"async\" class=\" wp-image-240 alignleft\" src=\"http:\/\/adeline-kinesio.fr\/wp-content\/uploads\/2026\/03\/Adeline-KINESIOLOGIE-kinesiologue-Blagnac-Toulouse-Cornebarrieu-Colomiers-Mondonville-Seilh.jpg\" alt=\"\" width=\"308\" height=\"306\" srcset=\"https:\/\/adeline-kinesio.fr\/wp-content\/uploads\/2026\/03\/Adeline-KINESIOLOGIE-kinesiologue-Blagnac-Toulouse-Cornebarrieu-Colomiers-Mondonville-Seilh.jpg 960w, https:\/\/adeline-kinesio.fr\/wp-content\/uploads\/2026\/03\/Adeline-KINESIOLOGIE-kinesiologue-Blagnac-Toulouse-Cornebarrieu-Colomiers-Mondonville-Seilh-300x298.jpg 300w, https:\/\/adeline-kinesio.fr\/wp-content\/uploads\/2026\/03\/Adeline-KINESIOLOGIE-kinesiologue-Blagnac-Toulouse-Cornebarrieu-Colomiers-Mondonville-Seilh-150x150.jpg 150w, https:\/\/adeline-kinesio.fr\/wp-content\/uploads\/2026\/03\/Adeline-KINESIOLOGIE-kinesiologue-Blagnac-Toulouse-Cornebarrieu-Colomiers-Mondonville-Seilh-768x764.jpg 768w\" sizes=\"(max-width: 308px) 100vw, 308px\" \/>\u00ab A l\u2019\u00e9poque \u00bb, j\u2019avais commenc\u00e9 ma vie professionnelle dans une branche compl\u00e8tement diff\u00e9rente.<\/p><p>Suite \u00e0 une reconversion professionnelle, apr\u00e8s avoir h\u00e9sit\u00e9 entre plusieurs techniques, ost\u00e9opathe, chiropracteur, naturopathie, shiatsu\u2026 j\u2019ai d\u00e9couvert la kin\u00e9siologie et j\u2019ai commenc\u00e9 ma formation en 2012.<\/p><p>Ceci a \u00e9t\u00e9 une opportunit\u00e9 de r\u00e9aliser ce que j\u2019avais \u00e0 c\u0153ur depuis toujours &#8230;<\/p><p>J\u2019ai toujours \u00e9t\u00e9 attir\u00e9e par les \u00ab\u00a0m\u00e9thodes\u00a0naturelles \u00bb mais je ne pensais pas du tout que c\u2019\u00e9tait fait pour moi\u2026 Pourtant cela m\u2019int\u00e9ressait depuis longtemps.\u00a0 \u00ab\u00a0Les synchronicit\u00e9s, la vie &amp; moi-m\u00eame m\u2019ont fait changer de chemin.\u00a0\u00bb<\/p><p>J\u2019ai \u00e9t\u00e9 form\u00e9e en Kin\u00e9siologie Adaptogen\u00e8se\u00ae \u00e0 l\u2019\u00e9cole professionnelle de Kin\u00e9siologie Edutm \u00e0 Lab\u00e8ge. Cette formation d\u2019un niveau europ\u00e9en a dur\u00e9 plus de 4 ans.<\/p><p>J\u2019ai la chance d\u2019exercer un m\u00e9tier passion et je vous en fais profiter depuis 2016. C\u2019est avec bienveillance, empathie &amp; une \u00e9coute positive que je vous re\u00e7ois dans mon cabinet de Blagnac (31700).<\/p><p>Les s\u00e9ances sont individuelles et pour tout public, pour les b\u00e9b\u00e9s, enfants, adolescents &amp; adultes et seniors.<\/p><p>J\u2019interviens \u00e9galement comme formatrice \u00e0 l\u2019\u00e9cole de Kin\u00e9siologie Adaptogen\u00e8se.<\/p><p>La kin\u00e9siologie met en avant \u00ab\u00a0l\u2019intelligence du corps\u00a0\u00bb, en lui permettant de g\u00e9n\u00e9rer, restaurer &amp; d\u00e9velopper ses capacit\u00e9s d\u2019adaptation, \u00e0 l\u2019aide de corrections efficaces et durables. \u00a0Votre corps a le choix entre plus de 1000 \u00e9quilibrages diff\u00e9rents \u00e0 chaque s\u00e9ance. C\u2019est le corps de la personne qui \u00ab\u00a0m\u2019informe\u00a0\u00bb de ce que je dois \u00e9quilibrer chez elle selon sa demande par l\u2019interm\u00e9diaire du test musculaire.<\/p><p>\u00a0Le stress ou tout autre probl\u00e9matique peuvent rev\u00eatir diff\u00e9rents manteaux\u2026 structurel, \u00e9motionnel, \u00e9nerg\u00e9tique, postural, \u2026 La Kin\u00e9siologie Adaptogen\u00e8se\u00ae, prend en compte l\u2019humain dans sa globalit\u00e9.<\/p><p>Toujours en qu\u00eate de savoir, je continue de me former pour apporter des outils compl\u00e9mentaires \u00e0 ma pratique.\u00a0<\/p><p>Je suis heureuse &amp; pleine de gratitude de pouvoir vous recevoir en s\u00e9ance.<\/p><p>A bient\u00f4t\u00a0\ud83d\ude0a<\/p><p><em>Adeline, Kin\u00e9siologue, Praticienne Adaptogen\u00e8se A Blagnac (31700) Tel\u00a0: 06.40.84.54.81<\/em><\/p>\t\t\t\t\t\t\t\t<\/div>\n\t\t\t\t<\/div>\n\t\t<div class=\"elementor-element elementor-element-ae198c3 e-con-full e-flex e-con e-parent\" data-id=\"ae198c3\" data-element_type=\"container\" data-e-type=\"container\">\n\t\t\t\t<div class=\"elementor-element elementor-element-9dd0b2b elementor-widget elementor-widget-image\" data-id=\"9dd0b2b\" data-element_type=\"widget\" data-e-type=\"widget\" data-widget_type=\"image.default\">\n\t\t\t\t\t\t\t\t\t\t\t\t\t\t\t<img decoding=\"async\" width=\"759\" height=\"174\" src=\"http:\/\/adeline-kinesio.fr\/wp-content\/uploads\/2026\/02\/bonhommes2.jpg\" class=\"attachment-large size-large wp-image-183\" alt=\"\" srcset=\"http:\/\/adeline-kinesio.fr\/wp-content\/uploads\/2026\/02\/bonhommes2.jpg 759w, http:\/\/adeline-kinesio.fr\/wp-content\/uploads\/2026\/02\/bonhommes2-300x69.jpg 300w\" sizes=\"(max-width: 759px) 100vw, 759px\" \/>\t\t\t\t\t\t\t\t\t\t\t\t\t\t\t<\/div>\n\t\t\t\t<\/div>\n\t\t\t\t<\/div>\n\t\t","protected":false},"excerpt":{"rendered":"<p>\u00ab A l\u2019\u00e9poque \u00bb, j\u2019avais commenc\u00e9 ma vie professionnelle dans une branche compl\u00e8tement diff\u00e9rente. Suite \u00e0 une reconversion professionnelle, apr\u00e8s avoir h\u00e9sit\u00e9 entre plusieurs techniques, ost\u00e9opathe, chiropracteur, naturopathie, shiatsu\u2026 j\u2019ai d\u00e9couvert la kin\u00e9siologie et j\u2019ai commenc\u00e9 ma formation en 2012. Ceci a \u00e9t\u00e9 une opportunit\u00e9 de r\u00e9aliser ce que j\u2019avais \u00e0 c\u0153ur depuis toujours &#8230; [&hellip;]<\/p>\n","protected":false},"author":1,"featured_media":0,"parent":0,"menu_order":0,"comment_status":"closed","ping_status":"closed","template":"","meta":{"footnotes":""},"class_list":["post-239","page","type-page","status-publish","hentry"],"blocksy_meta":[],"yoast_head":"<!-- This site is optimized with the Yoast SEO plugin v27.4 - https:\/\/yoast.com\/product\/yoast-seo-wordpress\/ -->\n<title>A propos - Adeline DANIELI, Kinesiologue &amp; Adaptogen\u00e8se<\/title>\n<meta name=\"robots\" content=\"index, follow, max-snippet:-1, max-image-preview:large, max-video-preview:-1\" \/>\n<link rel=\"canonical\" href=\"http:\/\/adeline-kinesio.fr\/index.php\/239-2\/\" \/>\n<meta property=\"og:locale\" content=\"en_US\" \/>\n<meta property=\"og:type\" content=\"article\" \/>\n<meta property=\"og:title\" content=\"A propos - Adeline DANIELI, Kinesiologue &amp; Adaptogen\u00e8se\" \/>\n<meta property=\"og:description\" content=\"\u00ab A l\u2019\u00e9poque \u00bb, j\u2019avais commenc\u00e9 ma vie professionnelle dans une branche compl\u00e8tement diff\u00e9rente. Suite \u00e0 une reconversion professionnelle, apr\u00e8s avoir h\u00e9sit\u00e9 entre plusieurs techniques, ost\u00e9opathe, chiropracteur, naturopathie, shiatsu\u2026 j\u2019ai d\u00e9couvert la kin\u00e9siologie et j\u2019ai commenc\u00e9 ma formation en 2012. Ceci a \u00e9t\u00e9 une opportunit\u00e9 de r\u00e9aliser ce que j\u2019avais \u00e0 c\u0153ur depuis toujours &#8230; [&hellip;]\" \/>\n<meta property=\"og:url\" content=\"http:\/\/adeline-kinesio.fr\/index.php\/239-2\/\" \/>\n<meta property=\"og:site_name\" content=\"Adeline DANIELI, Kinesiologue &amp; Adaptogen\u00e8se\" \/>\n<meta property=\"article:modified_time\" content=\"2026-04-07T06:56:15+00:00\" \/>\n<meta property=\"og:image\" content=\"http:\/\/adeline-kinesio.fr\/wp-content\/uploads\/2026\/03\/Adeline-KINESIOLOGIE-kinesiologue-Blagnac-Toulouse-Cornebarrieu-Colomiers-Mondonville-Seilh.jpg\" \/>\n<meta name=\"twitter:card\" content=\"summary_large_image\" \/>\n<meta name=\"twitter:label1\" content=\"Est. reading time\" \/>\n\t<meta name=\"twitter:data1\" content=\"2 minutes\" \/>\n<script type=\"application\/ld+json\" class=\"yoast-schema-graph\">{\"@context\":\"https:\\\/\\\/schema.org\",\"@graph\":[{\"@type\":\"WebPage\",\"@id\":\"http:\\\/\\\/adeline-kinesio.fr\\\/index.php\\\/239-2\\\/\",\"url\":\"http:\\\/\\\/adeline-kinesio.fr\\\/index.php\\\/239-2\\\/\",\"name\":\"A propos - Adeline DANIELI, Kinesiologue &amp; Adaptogen\u00e8se\",\"isPartOf\":{\"@id\":\"http:\\\/\\\/adeline-kinesio.fr\\\/#website\"},\"primaryImageOfPage\":{\"@id\":\"http:\\\/\\\/adeline-kinesio.fr\\\/index.php\\\/239-2\\\/#primaryimage\"},\"image\":{\"@id\":\"http:\\\/\\\/adeline-kinesio.fr\\\/index.php\\\/239-2\\\/#primaryimage\"},\"thumbnailUrl\":\"http:\\\/\\\/adeline-kinesio.fr\\\/wp-content\\\/uploads\\\/2026\\\/03\\\/Adeline-KINESIOLOGIE-kinesiologue-Blagnac-Toulouse-Cornebarrieu-Colomiers-Mondonville-Seilh.jpg\",\"datePublished\":\"2026-03-22T20:30:59+00:00\",\"dateModified\":\"2026-04-07T06:56:15+00:00\",\"breadcrumb\":{\"@id\":\"http:\\\/\\\/adeline-kinesio.fr\\\/index.php\\\/239-2\\\/#breadcrumb\"},\"inLanguage\":\"en-US\",\"potentialAction\":[{\"@type\":\"ReadAction\",\"target\":[\"http:\\\/\\\/adeline-kinesio.fr\\\/index.php\\\/239-2\\\/\"]}]},{\"@type\":\"ImageObject\",\"inLanguage\":\"en-US\",\"@id\":\"http:\\\/\\\/adeline-kinesio.fr\\\/index.php\\\/239-2\\\/#primaryimage\",\"url\":\"https:\\\/\\\/adeline-kinesio.fr\\\/wp-content\\\/uploads\\\/2026\\\/03\\\/Adeline-KINESIOLOGIE-kinesiologue-Blagnac-Toulouse-Cornebarrieu-Colomiers-Mondonville-Seilh.jpg\",\"contentUrl\":\"https:\\\/\\\/adeline-kinesio.fr\\\/wp-content\\\/uploads\\\/2026\\\/03\\\/Adeline-KINESIOLOGIE-kinesiologue-Blagnac-Toulouse-Cornebarrieu-Colomiers-Mondonville-Seilh.jpg\",\"width\":960,\"height\":955},{\"@type\":\"BreadcrumbList\",\"@id\":\"http:\\\/\\\/adeline-kinesio.fr\\\/index.php\\\/239-2\\\/#breadcrumb\",\"itemListElement\":[{\"@type\":\"ListItem\",\"position\":1,\"name\":\"Home\",\"item\":\"http:\\\/\\\/adeline-kinesio.fr\\\/\"},{\"@type\":\"ListItem\",\"position\":2,\"name\":\"A propos\"}]},{\"@type\":\"WebSite\",\"@id\":\"http:\\\/\\\/adeline-kinesio.fr\\\/#website\",\"url\":\"http:\\\/\\\/adeline-kinesio.fr\\\/\",\"name\":\"Adeline DANIELI, Kinesiologue & Adaptogen\u00e8se\",\"description\":\"\",\"publisher\":{\"@id\":\"http:\\\/\\\/adeline-kinesio.fr\\\/#organization\"},\"potentialAction\":[{\"@type\":\"SearchAction\",\"target\":{\"@type\":\"EntryPoint\",\"urlTemplate\":\"http:\\\/\\\/adeline-kinesio.fr\\\/?s={search_term_string}\"},\"query-input\":{\"@type\":\"PropertyValueSpecification\",\"valueRequired\":true,\"valueName\":\"search_term_string\"}}],\"inLanguage\":\"en-US\"},{\"@type\":\"Organization\",\"@id\":\"http:\\\/\\\/adeline-kinesio.fr\\\/#organization\",\"name\":\"Adeline DANIELI, Kinesiologue & Adaptogen\u00e8se\",\"url\":\"http:\\\/\\\/adeline-kinesio.fr\\\/\",\"logo\":{\"@type\":\"ImageObject\",\"inLanguage\":\"en-US\",\"@id\":\"http:\\\/\\\/adeline-kinesio.fr\\\/#\\\/schema\\\/logo\\\/image\\\/\",\"url\":\"https:\\\/\\\/adeline-kinesio.fr\\\/wp-content\\\/uploads\\\/2026\\\/03\\\/logo_accueil.jpg\",\"contentUrl\":\"https:\\\/\\\/adeline-kinesio.fr\\\/wp-content\\\/uploads\\\/2026\\\/03\\\/logo_accueil.jpg\",\"width\":171,\"height\":106,\"caption\":\"Adeline DANIELI, Kinesiologue & Adaptogen\u00e8se\"},\"image\":{\"@id\":\"http:\\\/\\\/adeline-kinesio.fr\\\/#\\\/schema\\\/logo\\\/image\\\/\"}}]}<\/script>\n<!-- \/ Yoast SEO plugin. -->","yoast_head_json":{"title":"A propos - Adeline DANIELI, Kinesiologue &amp; Adaptogen\u00e8se","robots":{"index":"index","follow":"follow","max-snippet":"max-snippet:-1","max-image-preview":"max-image-preview:large","max-video-preview":"max-video-preview:-1"},"canonical":"http:\/\/adeline-kinesio.fr\/index.php\/239-2\/","og_locale":"en_US","og_type":"article","og_title":"A propos - Adeline DANIELI, Kinesiologue &amp; Adaptogen\u00e8se","og_description":"\u00ab A l\u2019\u00e9poque \u00bb, j\u2019avais commenc\u00e9 ma vie professionnelle dans une branche compl\u00e8tement diff\u00e9rente. Suite \u00e0 une reconversion professionnelle, apr\u00e8s avoir h\u00e9sit\u00e9 entre plusieurs techniques, ost\u00e9opathe, chiropracteur, naturopathie, shiatsu\u2026 j\u2019ai d\u00e9couvert la kin\u00e9siologie et j\u2019ai commenc\u00e9 ma formation en 2012. Ceci a \u00e9t\u00e9 une opportunit\u00e9 de r\u00e9aliser ce que j\u2019avais \u00e0 c\u0153ur depuis toujours &#8230; [&hellip;]","og_url":"http:\/\/adeline-kinesio.fr\/index.php\/239-2\/","og_site_name":"Adeline DANIELI, Kinesiologue &amp; Adaptogen\u00e8se","article_modified_time":"2026-04-07T06:56:15+00:00","og_image":[{"url":"http:\/\/adeline-kinesio.fr\/wp-content\/uploads\/2026\/03\/Adeline-KINESIOLOGIE-kinesiologue-Blagnac-Toulouse-Cornebarrieu-Colomiers-Mondonville-Seilh.jpg","type":"","width":"","height":""}],"twitter_card":"summary_large_image","twitter_misc":{"Est. reading time":"2 minutes"},"schema":{"@context":"https:\/\/schema.org","@graph":[{"@type":"WebPage","@id":"http:\/\/adeline-kinesio.fr\/index.php\/239-2\/","url":"http:\/\/adeline-kinesio.fr\/index.php\/239-2\/","name":"A propos - Adeline DANIELI, Kinesiologue &amp; Adaptogen\u00e8se","isPartOf":{"@id":"http:\/\/adeline-kinesio.fr\/#website"},"primaryImageOfPage":{"@id":"http:\/\/adeline-kinesio.fr\/index.php\/239-2\/#primaryimage"},"image":{"@id":"http:\/\/adeline-kinesio.fr\/index.php\/239-2\/#primaryimage"},"thumbnailUrl":"http:\/\/adeline-kinesio.fr\/wp-content\/uploads\/2026\/03\/Adeline-KINESIOLOGIE-kinesiologue-Blagnac-Toulouse-Cornebarrieu-Colomiers-Mondonville-Seilh.jpg","datePublished":"2026-03-22T20:30:59+00:00","dateModified":"2026-04-07T06:56:15+00:00","breadcrumb":{"@id":"http:\/\/adeline-kinesio.fr\/index.php\/239-2\/#breadcrumb"},"inLanguage":"en-US","potentialAction":[{"@type":"ReadAction","target":["http:\/\/adeline-kinesio.fr\/index.php\/239-2\/"]}]},{"@type":"ImageObject","inLanguage":"en-US","@id":"http:\/\/adeline-kinesio.fr\/index.php\/239-2\/#primaryimage","url":"https:\/\/adeline-kinesio.fr\/wp-content\/uploads\/2026\/03\/Adeline-KINESIOLOGIE-kinesiologue-Blagnac-Toulouse-Cornebarrieu-Colomiers-Mondonville-Seilh.jpg","contentUrl":"https:\/\/adeline-kinesio.fr\/wp-content\/uploads\/2026\/03\/Adeline-KINESIOLOGIE-kinesiologue-Blagnac-Toulouse-Cornebarrieu-Colomiers-Mondonville-Seilh.jpg","width":960,"height":955},{"@type":"BreadcrumbList","@id":"http:\/\/adeline-kinesio.fr\/index.php\/239-2\/#breadcrumb","itemListElement":[{"@type":"ListItem","position":1,"name":"Home","item":"http:\/\/adeline-kinesio.fr\/"},{"@type":"ListItem","position":2,"name":"A propos"}]},{"@type":"WebSite","@id":"http:\/\/adeline-kinesio.fr\/#website","url":"http:\/\/adeline-kinesio.fr\/","name":"Adeline DANIELI, Kinesiologue & Adaptogen\u00e8se","description":"","publisher":{"@id":"http:\/\/adeline-kinesio.fr\/#organization"},"potentialAction":[{"@type":"SearchAction","target":{"@type":"EntryPoint","urlTemplate":"http:\/\/adeline-kinesio.fr\/?s={search_term_string}"},"query-input":{"@type":"PropertyValueSpecification","valueRequired":true,"valueName":"search_term_string"}}],"inLanguage":"en-US"},{"@type":"Organization","@id":"http:\/\/adeline-kinesio.fr\/#organization","name":"Adeline DANIELI, Kinesiologue & Adaptogen\u00e8se","url":"http:\/\/adeline-kinesio.fr\/","logo":{"@type":"ImageObject","inLanguage":"en-US","@id":"http:\/\/adeline-kinesio.fr\/#\/schema\/logo\/image\/","url":"https:\/\/adeline-kinesio.fr\/wp-content\/uploads\/2026\/03\/logo_accueil.jpg","contentUrl":"https:\/\/adeline-kinesio.fr\/wp-content\/uploads\/2026\/03\/logo_accueil.jpg","width":171,"height":106,"caption":"Adeline DANIELI, Kinesiologue & Adaptogen\u00e8se"},"image":{"@id":"http:\/\/adeline-kinesio.fr\/#\/schema\/logo\/image\/"}}]}},"_links":{"self":[{"href":"https:\/\/adeline-kinesio.fr\/index.php\/wp-json\/wp\/v2\/pages\/239","targetHints":{"allow":["GET"]}}],"collection":[{"href":"https:\/\/adeline-kinesio.fr\/index.php\/wp-json\/wp\/v2\/pages"}],"about":[{"href":"https:\/\/adeline-kinesio.fr\/index.php\/wp-json\/wp\/v2\/types\/page"}],"author":[{"embeddable":true,"href":"https:\/\/adeline-kinesio.fr\/index.php\/wp-json\/wp\/v2\/users\/1"}],"replies":[{"embeddable":true,"href":"https:\/\/adeline-kinesio.fr\/index.php\/wp-json\/wp\/v2\/comments?post=239"}],"version-history":[{"count":10,"href":"https:\/\/adeline-kinesio.fr\/index.php\/wp-json\/wp\/v2\/pages\/239\/revisions"}],"predecessor-version":[{"id":276,"href":"https:\/\/adeline-kinesio.fr\/index.php\/wp-json\/wp\/v2\/pages\/239\/revisions\/276"}],"wp:attachment":[{"href":"https:\/\/adeline-kinesio.fr\/index.php\/wp-json\/wp\/v2\/media?parent=239"}],"curies":[{"name":"wp","href":"https:\/\/api.w.org\/{rel}","templated":true}]}}