{"id":94,"date":"2026-01-29T15:07:11","date_gmt":"2026-01-29T15:07:11","guid":{"rendered":"https:\/\/adeline-kinesio.fr\/?page_id=94"},"modified":"2026-03-22T14:21:26","modified_gmt":"2026-03-22T14:21:26","slug":"adaptogenese","status":"publish","type":"page","link":"https:\/\/adeline-kinesio.fr\/index.php\/adaptogenese\/","title":{"rendered":"Adaptogen\u00e8se"},"content":{"rendered":"\n<p><strong>QU&#8217;EST-CE QUE L\u2019ADAPTOGENESE\u00ae\u00a0?<\/strong><\/p>\n\n\n\n<p>L\u2019Adaptogen\u00e8se\u00ae est un courant en Kin\u00e9siologie bas\u00e9 sur une approche globale et professionnelle qui vise \u00e0 \u00ab <strong>g\u00e9n\u00e9rer ou restaurer les capacit\u00e9s adaptatives de l\u2019individu \u00bb par une approche plus causale avec des r\u00e9sultats durables.<\/strong><\/p>\n\n\n\n<div class=\"wp-block-media-text has-media-on-the-right is-stacked-on-mobile\" style=\"grid-template-columns:auto 29%\"><div class=\"wp-block-media-text__content\">\n<p>L\u2019Adaptogen\u00e8se\u00ae <strong>int\u00e8gre un large \u00e9ventail de lois et de principes<\/strong> utilis\u00e9s\u00a0:<\/p>\n\n\n\n<ul class=\"wp-block-list\">\n<li>en acupuncture, (ex. : loi de l\u2019\u00e9nerg\u00e9tique chinoise)<\/li>\n\n\n\n<li>en psychologie, (ex. : connaissance des facteurs objectifs et subjectifs qui alt\u00e8rent le concept de soi)<\/li>\n\n\n\n<li>en ost\u00e9opathie, (ex. : Mouvement Respiratoire Primaire, m\u00e9canisme cr\u00e2nio-sacr\u00e9)<\/li>\n\n\n\n<li>en naturopathie, (ex. : drainage \u00e9monctoriel, \u00e9quilibre acido-basique, etc.)<\/li>\n\n\n\n<li>en psychanalyse, (ex. : m\u00e9canismes de d\u00e9fense, figures d\u2019ombre)<\/li>\n\n\n\n<li>en neurologie, (ex. : r\u00e9flexes dynamiques et posturaux)<\/li>\n\n\n\n<li>en posturologie, (ex. : syst\u00e8me tonique postural)<\/li>\n\n\n\n<li>et en chiropractie, (ex. : concept de subluxation).<\/li>\n<\/ul>\n<\/div><figure class=\"wp-block-media-text__media\"><img fetchpriority=\"high\" decoding=\"async\" width=\"523\" height=\"522\" src=\"http:\/\/adeline-kinesio.fr\/wp-content\/uploads\/2026\/03\/Capture-decran-2026-03-22-151454.jpg\" alt=\"\" class=\"wp-image-196 size-full\" srcset=\"https:\/\/adeline-kinesio.fr\/wp-content\/uploads\/2026\/03\/Capture-decran-2026-03-22-151454.jpg 523w, https:\/\/adeline-kinesio.fr\/wp-content\/uploads\/2026\/03\/Capture-decran-2026-03-22-151454-300x300.jpg 300w, https:\/\/adeline-kinesio.fr\/wp-content\/uploads\/2026\/03\/Capture-decran-2026-03-22-151454-150x150.jpg 150w\" sizes=\"(max-width: 523px) 100vw, 523px\" \/><\/figure><\/div>\n\n\n\n<p>L\u2019Adaptogen\u00e8se\u00ae aborde ces notions avec une d\u00e9marche et des techniques propres \u00e0 la kin\u00e9siologie.<\/p>\n\n\n\n<p>Son but est d\u2019aider <strong>\u00e0 acqu\u00e9rir ou \u00e0 conserver un \u00e9tat d\u2019\u00e9quilibre et de bien-\u00eatre global<\/strong>.<\/p>\n\n\n\n<p>L\u2019Adaptogen\u00e8se\u00ae porte une attention accrue au respect du principe d\u2019innocuit\u00e9 dict\u00e9 par l\u2019id\u00e9al hippocratique (<em>Primum<\/em> <em>non<\/em> <em>nocere<\/em>).<\/p>\n\n\n\n<p class=\"has-text-align-center\">\u00ab\u00a0<strong>En route vers le bien-\u00eatre \u00e9motionnel, mental, physique\u2026<\/strong>\u00a0\u00bb<\/p>\n\n\n\n<p><strong>Il n\u2019est pas n\u00e9cessaire de ressentir un mal-\u00eatre (physique, mental ou autre) pour consulter un praticien, il suffit de vouloir am\u00e9liorer quelque chose dans sa vie ou de vouloir aller encore mieux.<\/strong><\/p>\n\n\n\n<div class=\"wp-block-media-text is-stacked-on-mobile\" style=\"grid-template-columns:43% auto\"><figure class=\"wp-block-media-text__media\"><img decoding=\"async\" width=\"473\" height=\"436\" src=\"http:\/\/adeline-kinesio.fr\/wp-content\/uploads\/2026\/03\/schema-emotionnel_150pp.jpg\" alt=\"\" class=\"wp-image-194 size-full\" srcset=\"https:\/\/adeline-kinesio.fr\/wp-content\/uploads\/2026\/03\/schema-emotionnel_150pp.jpg 473w, https:\/\/adeline-kinesio.fr\/wp-content\/uploads\/2026\/03\/schema-emotionnel_150pp-300x277.jpg 300w\" sizes=\"(max-width: 473px) 100vw, 473px\" \/><\/figure><div class=\"wp-block-media-text__content\">\n<p><strong>AIMERIEZ -VOUS\u00a0?<\/strong><\/p>\n\n\n\n<ul class=\"wp-block-list\">\n<li>Am\u00e9liorer votre estime de soi &amp; votre confiance en vous\u00a0?<\/li>\n\n\n\n<li>G\u00e9rer efficacement vos \u00e9motions<\/li>\n\n\n\n<li>D\u00e9velopper efficacement vos capacit\u00e9s d\u2019apprentissage<\/li>\n\n\n\n<li>Faciliter vos prises de d\u00e9cisions<\/li>\n\n\n\n<li>Transformer vos difficult\u00e9s en opportunit\u00e9s de croissance<\/li>\n\n\n\n<li>Vous lib\u00e9rer de traumatismes pass\u00e9s<\/li>\n\n\n\n<li>Equilibrer votre posture<\/li>\n\n\n\n<li>Potentialiser vos capacit\u00e9s sportives<\/li>\n\n\n\n<li>Devenir acteur de votre vie<\/li>\n\n\n\n<li>Vous lib\u00e9rer de vos attitudes d\u2019autosabotage, afin d\u2019avancer vers vos objectifs<\/li>\n\n\n\n<li>R\u00e9habiliter votre capacit\u00e9 de choix<\/li>\n\n\n\n<li>Etc<\/li>\n<\/ul>\n<\/div><\/div>\n\n\n\n<p><em>Le kin\u00e9siologue n\u2019\u00e9tablit pas de diagnostic ou de prescriptions m\u00e9dicales. Une s\u00e9ance chez votre Kin\u00e9siologue ne dispense pas d\u2019une consultation chez votre m\u00e9decin traitant pas plus qu\u2019elle ne se substitue \u00e0 une consultation chez un autre praticien de sant\u00e9.<\/em><\/p>\n\n\n\n<div style=\"height:60px\" aria-hidden=\"true\" class=\"wp-block-spacer\"><\/div>\n\n\n\n<figure class=\"wp-block-image size-full\"><img decoding=\"async\" width=\"759\" height=\"174\" src=\"http:\/\/adeline-kinesio.fr\/wp-content\/uploads\/2026\/02\/bonhommes2.jpg\" alt=\"\" class=\"wp-image-183\" srcset=\"https:\/\/adeline-kinesio.fr\/wp-content\/uploads\/2026\/02\/bonhommes2.jpg 759w, https:\/\/adeline-kinesio.fr\/wp-content\/uploads\/2026\/02\/bonhommes2-300x69.jpg 300w\" sizes=\"(max-width: 759px) 100vw, 759px\" \/><\/figure>\n","protected":false},"excerpt":{"rendered":"<p>QU&#8217;EST-CE QUE L\u2019ADAPTOGENESE\u00ae\u00a0? L\u2019Adaptogen\u00e8se\u00ae est un courant en Kin\u00e9siologie bas\u00e9 sur une approche globale et professionnelle qui vise \u00e0 \u00ab g\u00e9n\u00e9rer ou restaurer les capacit\u00e9s adaptatives de l\u2019individu \u00bb par une approche plus causale avec des r\u00e9sultats durables. L\u2019Adaptogen\u00e8se\u00ae aborde ces notions avec une d\u00e9marche et des techniques propres \u00e0 la kin\u00e9siologie. Son but est [&hellip;]<\/p>\n","protected":false},"author":1,"featured_media":0,"parent":0,"menu_order":0,"comment_status":"closed","ping_status":"closed","template":"","meta":{"footnotes":""},"class_list":["post-94","page","type-page","status-publish","hentry"],"blocksy_meta":[],"yoast_head":"<!-- This site is optimized with the Yoast SEO plugin v27.4 - https:\/\/yoast.com\/product\/yoast-seo-wordpress\/ -->\n<title>Adaptogen\u00e8se - Adeline DANIELI, Kinesiologue &amp; Adaptogen\u00e8se<\/title>\n<meta name=\"robots\" content=\"index, follow, max-snippet:-1, max-image-preview:large, max-video-preview:-1\" \/>\n<link rel=\"canonical\" href=\"https:\/\/adeline-kinesio.fr\/index.php\/adaptogenese\/\" \/>\n<meta property=\"og:locale\" content=\"en_US\" \/>\n<meta property=\"og:type\" content=\"article\" \/>\n<meta property=\"og:title\" content=\"Adaptogen\u00e8se - Adeline DANIELI, Kinesiologue &amp; Adaptogen\u00e8se\" \/>\n<meta property=\"og:description\" content=\"QU&#8217;EST-CE QUE L\u2019ADAPTOGENESE\u00ae\u00a0? L\u2019Adaptogen\u00e8se\u00ae est un courant en Kin\u00e9siologie bas\u00e9 sur une approche globale et professionnelle qui vise \u00e0 \u00ab g\u00e9n\u00e9rer ou restaurer les capacit\u00e9s adaptatives de l\u2019individu \u00bb par une approche plus causale avec des r\u00e9sultats durables. L\u2019Adaptogen\u00e8se\u00ae aborde ces notions avec une d\u00e9marche et des techniques propres \u00e0 la kin\u00e9siologie. Son but est [&hellip;]\" \/>\n<meta property=\"og:url\" content=\"https:\/\/adeline-kinesio.fr\/index.php\/adaptogenese\/\" \/>\n<meta property=\"og:site_name\" content=\"Adeline DANIELI, Kinesiologue &amp; Adaptogen\u00e8se\" \/>\n<meta property=\"article:modified_time\" content=\"2026-03-22T14:21:26+00:00\" \/>\n<meta property=\"og:image\" content=\"http:\/\/adeline-kinesio.fr\/wp-content\/uploads\/2026\/03\/Capture-decran-2026-03-22-151454.jpg\" \/>\n<meta name=\"twitter:card\" content=\"summary_large_image\" \/>\n<meta name=\"twitter:label1\" content=\"Est. reading time\" \/>\n\t<meta name=\"twitter:data1\" content=\"2 minutes\" \/>\n<script type=\"application\/ld+json\" class=\"yoast-schema-graph\">{\"@context\":\"https:\\\/\\\/schema.org\",\"@graph\":[{\"@type\":\"WebPage\",\"@id\":\"https:\\\/\\\/adeline-kinesio.fr\\\/index.php\\\/adaptogenese\\\/\",\"url\":\"https:\\\/\\\/adeline-kinesio.fr\\\/index.php\\\/adaptogenese\\\/\",\"name\":\"Adaptogen\u00e8se - Adeline DANIELI, Kinesiologue &amp; Adaptogen\u00e8se\",\"isPartOf\":{\"@id\":\"https:\\\/\\\/adeline-kinesio.fr\\\/#website\"},\"primaryImageOfPage\":{\"@id\":\"https:\\\/\\\/adeline-kinesio.fr\\\/index.php\\\/adaptogenese\\\/#primaryimage\"},\"image\":{\"@id\":\"https:\\\/\\\/adeline-kinesio.fr\\\/index.php\\\/adaptogenese\\\/#primaryimage\"},\"thumbnailUrl\":\"http:\\\/\\\/adeline-kinesio.fr\\\/wp-content\\\/uploads\\\/2026\\\/03\\\/Capture-decran-2026-03-22-151454.jpg\",\"datePublished\":\"2026-01-29T15:07:11+00:00\",\"dateModified\":\"2026-03-22T14:21:26+00:00\",\"breadcrumb\":{\"@id\":\"https:\\\/\\\/adeline-kinesio.fr\\\/index.php\\\/adaptogenese\\\/#breadcrumb\"},\"inLanguage\":\"en-US\",\"potentialAction\":[{\"@type\":\"ReadAction\",\"target\":[\"https:\\\/\\\/adeline-kinesio.fr\\\/index.php\\\/adaptogenese\\\/\"]}]},{\"@type\":\"ImageObject\",\"inLanguage\":\"en-US\",\"@id\":\"https:\\\/\\\/adeline-kinesio.fr\\\/index.php\\\/adaptogenese\\\/#primaryimage\",\"url\":\"https:\\\/\\\/adeline-kinesio.fr\\\/wp-content\\\/uploads\\\/2026\\\/03\\\/Capture-decran-2026-03-22-151454.jpg\",\"contentUrl\":\"https:\\\/\\\/adeline-kinesio.fr\\\/wp-content\\\/uploads\\\/2026\\\/03\\\/Capture-decran-2026-03-22-151454.jpg\",\"width\":523,\"height\":522},{\"@type\":\"BreadcrumbList\",\"@id\":\"https:\\\/\\\/adeline-kinesio.fr\\\/index.php\\\/adaptogenese\\\/#breadcrumb\",\"itemListElement\":[{\"@type\":\"ListItem\",\"position\":1,\"name\":\"Home\",\"item\":\"https:\\\/\\\/adeline-kinesio.fr\\\/\"},{\"@type\":\"ListItem\",\"position\":2,\"name\":\"Adaptogen\u00e8se\"}]},{\"@type\":\"WebSite\",\"@id\":\"https:\\\/\\\/adeline-kinesio.fr\\\/#website\",\"url\":\"https:\\\/\\\/adeline-kinesio.fr\\\/\",\"name\":\"Adeline DANIELI, Kinesiologue & Adaptogen\u00e8se\",\"description\":\"\",\"publisher\":{\"@id\":\"https:\\\/\\\/adeline-kinesio.fr\\\/#organization\"},\"potentialAction\":[{\"@type\":\"SearchAction\",\"target\":{\"@type\":\"EntryPoint\",\"urlTemplate\":\"https:\\\/\\\/adeline-kinesio.fr\\\/?s={search_term_string}\"},\"query-input\":{\"@type\":\"PropertyValueSpecification\",\"valueRequired\":true,\"valueName\":\"search_term_string\"}}],\"inLanguage\":\"en-US\"},{\"@type\":\"Organization\",\"@id\":\"https:\\\/\\\/adeline-kinesio.fr\\\/#organization\",\"name\":\"Adeline DANIELI, Kinesiologue & Adaptogen\u00e8se\",\"url\":\"https:\\\/\\\/adeline-kinesio.fr\\\/\",\"logo\":{\"@type\":\"ImageObject\",\"inLanguage\":\"en-US\",\"@id\":\"https:\\\/\\\/adeline-kinesio.fr\\\/#\\\/schema\\\/logo\\\/image\\\/\",\"url\":\"https:\\\/\\\/adeline-kinesio.fr\\\/wp-content\\\/uploads\\\/2026\\\/03\\\/logo_accueil.jpg\",\"contentUrl\":\"https:\\\/\\\/adeline-kinesio.fr\\\/wp-content\\\/uploads\\\/2026\\\/03\\\/logo_accueil.jpg\",\"width\":171,\"height\":106,\"caption\":\"Adeline DANIELI, Kinesiologue & Adaptogen\u00e8se\"},\"image\":{\"@id\":\"https:\\\/\\\/adeline-kinesio.fr\\\/#\\\/schema\\\/logo\\\/image\\\/\"}}]}<\/script>\n<!-- \/ Yoast SEO plugin. -->","yoast_head_json":{"title":"Adaptogen\u00e8se - Adeline DANIELI, Kinesiologue &amp; Adaptogen\u00e8se","robots":{"index":"index","follow":"follow","max-snippet":"max-snippet:-1","max-image-preview":"max-image-preview:large","max-video-preview":"max-video-preview:-1"},"canonical":"https:\/\/adeline-kinesio.fr\/index.php\/adaptogenese\/","og_locale":"en_US","og_type":"article","og_title":"Adaptogen\u00e8se - Adeline DANIELI, Kinesiologue &amp; Adaptogen\u00e8se","og_description":"QU&#8217;EST-CE QUE L\u2019ADAPTOGENESE\u00ae\u00a0? L\u2019Adaptogen\u00e8se\u00ae est un courant en Kin\u00e9siologie bas\u00e9 sur une approche globale et professionnelle qui vise \u00e0 \u00ab g\u00e9n\u00e9rer ou restaurer les capacit\u00e9s adaptatives de l\u2019individu \u00bb par une approche plus causale avec des r\u00e9sultats durables. L\u2019Adaptogen\u00e8se\u00ae aborde ces notions avec une d\u00e9marche et des techniques propres \u00e0 la kin\u00e9siologie. Son but est [&hellip;]","og_url":"https:\/\/adeline-kinesio.fr\/index.php\/adaptogenese\/","og_site_name":"Adeline DANIELI, Kinesiologue &amp; Adaptogen\u00e8se","article_modified_time":"2026-03-22T14:21:26+00:00","og_image":[{"url":"http:\/\/adeline-kinesio.fr\/wp-content\/uploads\/2026\/03\/Capture-decran-2026-03-22-151454.jpg","type":"","width":"","height":""}],"twitter_card":"summary_large_image","twitter_misc":{"Est. reading time":"2 minutes"},"schema":{"@context":"https:\/\/schema.org","@graph":[{"@type":"WebPage","@id":"https:\/\/adeline-kinesio.fr\/index.php\/adaptogenese\/","url":"https:\/\/adeline-kinesio.fr\/index.php\/adaptogenese\/","name":"Adaptogen\u00e8se - Adeline DANIELI, Kinesiologue &amp; Adaptogen\u00e8se","isPartOf":{"@id":"https:\/\/adeline-kinesio.fr\/#website"},"primaryImageOfPage":{"@id":"https:\/\/adeline-kinesio.fr\/index.php\/adaptogenese\/#primaryimage"},"image":{"@id":"https:\/\/adeline-kinesio.fr\/index.php\/adaptogenese\/#primaryimage"},"thumbnailUrl":"http:\/\/adeline-kinesio.fr\/wp-content\/uploads\/2026\/03\/Capture-decran-2026-03-22-151454.jpg","datePublished":"2026-01-29T15:07:11+00:00","dateModified":"2026-03-22T14:21:26+00:00","breadcrumb":{"@id":"https:\/\/adeline-kinesio.fr\/index.php\/adaptogenese\/#breadcrumb"},"inLanguage":"en-US","potentialAction":[{"@type":"ReadAction","target":["https:\/\/adeline-kinesio.fr\/index.php\/adaptogenese\/"]}]},{"@type":"ImageObject","inLanguage":"en-US","@id":"https:\/\/adeline-kinesio.fr\/index.php\/adaptogenese\/#primaryimage","url":"https:\/\/adeline-kinesio.fr\/wp-content\/uploads\/2026\/03\/Capture-decran-2026-03-22-151454.jpg","contentUrl":"https:\/\/adeline-kinesio.fr\/wp-content\/uploads\/2026\/03\/Capture-decran-2026-03-22-151454.jpg","width":523,"height":522},{"@type":"BreadcrumbList","@id":"https:\/\/adeline-kinesio.fr\/index.php\/adaptogenese\/#breadcrumb","itemListElement":[{"@type":"ListItem","position":1,"name":"Home","item":"https:\/\/adeline-kinesio.fr\/"},{"@type":"ListItem","position":2,"name":"Adaptogen\u00e8se"}]},{"@type":"WebSite","@id":"https:\/\/adeline-kinesio.fr\/#website","url":"https:\/\/adeline-kinesio.fr\/","name":"Adeline DANIELI, Kinesiologue & Adaptogen\u00e8se","description":"","publisher":{"@id":"https:\/\/adeline-kinesio.fr\/#organization"},"potentialAction":[{"@type":"SearchAction","target":{"@type":"EntryPoint","urlTemplate":"https:\/\/adeline-kinesio.fr\/?s={search_term_string}"},"query-input":{"@type":"PropertyValueSpecification","valueRequired":true,"valueName":"search_term_string"}}],"inLanguage":"en-US"},{"@type":"Organization","@id":"https:\/\/adeline-kinesio.fr\/#organization","name":"Adeline DANIELI, Kinesiologue & Adaptogen\u00e8se","url":"https:\/\/adeline-kinesio.fr\/","logo":{"@type":"ImageObject","inLanguage":"en-US","@id":"https:\/\/adeline-kinesio.fr\/#\/schema\/logo\/image\/","url":"https:\/\/adeline-kinesio.fr\/wp-content\/uploads\/2026\/03\/logo_accueil.jpg","contentUrl":"https:\/\/adeline-kinesio.fr\/wp-content\/uploads\/2026\/03\/logo_accueil.jpg","width":171,"height":106,"caption":"Adeline DANIELI, Kinesiologue & Adaptogen\u00e8se"},"image":{"@id":"https:\/\/adeline-kinesio.fr\/#\/schema\/logo\/image\/"}}]}},"_links":{"self":[{"href":"https:\/\/adeline-kinesio.fr\/index.php\/wp-json\/wp\/v2\/pages\/94","targetHints":{"allow":["GET"]}}],"collection":[{"href":"https:\/\/adeline-kinesio.fr\/index.php\/wp-json\/wp\/v2\/pages"}],"about":[{"href":"https:\/\/adeline-kinesio.fr\/index.php\/wp-json\/wp\/v2\/types\/page"}],"author":[{"embeddable":true,"href":"https:\/\/adeline-kinesio.fr\/index.php\/wp-json\/wp\/v2\/users\/1"}],"replies":[{"embeddable":true,"href":"https:\/\/adeline-kinesio.fr\/index.php\/wp-json\/wp\/v2\/comments?post=94"}],"version-history":[{"count":13,"href":"https:\/\/adeline-kinesio.fr\/index.php\/wp-json\/wp\/v2\/pages\/94\/revisions"}],"predecessor-version":[{"id":198,"href":"https:\/\/adeline-kinesio.fr\/index.php\/wp-json\/wp\/v2\/pages\/94\/revisions\/198"}],"wp:attachment":[{"href":"https:\/\/adeline-kinesio.fr\/index.php\/wp-json\/wp\/v2\/media?parent=94"}],"curies":[{"name":"wp","href":"https:\/\/api.w.org\/{rel}","templated":true}]}}